{"id":200,"date":"2023-02-14T13:07:19","date_gmt":"2023-02-14T13:07:19","guid":{"rendered":"https:\/\/bureauzweima.com\/?page_id=200"},"modified":"2026-03-15T21:42:22","modified_gmt":"2026-03-15T19:42:22","slug":"impressum","status":"publish","type":"page","link":"https:\/\/bureauzweima.com\/en\/impressum\/","title":{"rendered":"imprint"},"content":{"rendered":"<div data-elementor-type=\"wp-page\" data-elementor-id=\"200\" class=\"elementor elementor-200\" data-elementor-post-type=\"page\">\n\t\t\t\t\t\t<section class=\"elementor-section elementor-top-section elementor-element elementor-element-131d9fc elementor-section-content-middle elementor-section-boxed elementor-section-height-default elementor-section-height-default\" data-id=\"131d9fc\" data-element_type=\"section\">\n\t\t\t\t\t\t<div class=\"elementor-container elementor-column-gap-default\">\n\t\t\t\t\t<div class=\"elementor-column elementor-col-100 elementor-top-column elementor-element elementor-element-405d33b\" data-id=\"405d33b\" data-element_type=\"column\">\n\t\t\t<div class=\"elementor-widget-wrap elementor-element-populated\">\n\t\t\t\t\t\t<div class=\"elementor-element elementor-element-f0c1832 elementor-widget elementor-widget-heading\" data-id=\"f0c1832\" data-element_type=\"widget\" data-widget_type=\"heading.default\">\n\t\t\t\t<div class=\"elementor-widget-container\">\n\t\t\t\t\t<h1 class=\"elementor-heading-title elementor-size-default\">imprint<\/h1>\t\t\t\t<\/div>\n\t\t\t\t<\/div>\n\t\t\t\t<div class=\"elementor-element elementor-element-31600d0 elementor-widget elementor-widget-text-editor\" data-id=\"31600d0\" data-element_type=\"widget\" data-widget_type=\"text-editor.default\">\n\t\t\t\t<div class=\"elementor-widget-container\">\n\t\t\t\t\t\t\t\t\t<p>Bureau Zweima GmbH&nbsp;<br>Gesellschaft mit beschr\u00e4nkter Haftung&nbsp;<br>Graphic Design Studio<\/p>\n<p>Handelszentrum 16<br>A-5101 Bergheim bei Salzburg<\/p>\t\t\t\t\t\t\t\t<\/div>\n\t\t\t\t<\/div>\n\t\t\t\t<div class=\"elementor-element elementor-element-a0c5489 elementor-widget elementor-widget-text-editor\" data-id=\"a0c5489\" data-element_type=\"widget\" data-widget_type=\"text-editor.default\">\n\t\t\t\t<div class=\"elementor-widget-container\">\n\t\t\t\t\t\t\t\t\t<p>T: +43 676&nbsp;6804545<br>E: info@bureauzweima.com<br>W: bureauzweima.com<\/p>\n<p>Magdalena Huber<br>T: +43 676 6804545<br>E: magdalena@bureauzweima.com<\/p>\n<p>Maximilian Pichelstorfer<br>T: +43 650 9151047<br>E: max@bureauzweima.com<\/p>\t\t\t\t\t\t\t\t<\/div>\n\t\t\t\t<\/div>\n\t\t\t\t<div class=\"elementor-element elementor-element-f5c3f13 elementor-widget elementor-widget-text-editor\" data-id=\"f5c3f13\" data-element_type=\"widget\" data-widget_type=\"text-editor.default\">\n\t\t\t\t<div class=\"elementor-widget-container\">\n\t\t\t\t\t\t\t\t\t<p>UID-Nr: ATU80760758<br>FN: 629950y<br>Salzburg Regional Court<br><span style=\"color: var( --e-global-color-text ); font-size: 1rem;\">Member of the Salzburg Chamber of Commerce<br><\/span>District Authority of Salzburg-Umgebung<\/p>\n<p><span style=\"color: var( --e-global-color-text ); font-size: 1rem;\">&nbsp;<\/span><\/p>\n<p><span style=\"color: var( --e-global-color-text ); font-size: 1rem;\">Trade Regulation: www.ris.bka.gv.at<\/span><\/p>\n<p>You can address any complaints to the email address provided above.<\/p>\n<p>Despite careful content control, we assume no liability for the content of external links.<br>externer Links.<\/p>\n<p>The operators of the linked pages are solely responsible for their content.<br>Herausgeber und inhaltlich Verantwortlicher: Bureau Zweima GmbH<br>Website: <span style=\"text-decoration: underline;\"><a href=\"https:\/\/nrdesign.at\">Nicole Rehak<\/a><\/span><br>Typefaces: Atipo Foundry<\/p>\t\t\t\t\t\t\t\t<\/div>\n\t\t\t\t<\/div>\n\t\t\t\t\t<\/div>\n\t\t<\/div>\n\t\t\t\t\t<\/div>\n\t\t<\/section>\n\t\t\t\t<\/div>","protected":false},"excerpt":{"rendered":"<p>Impressum Bureau Zweima GmbH&nbsp;Gesellschaft mit beschr\u00e4nkter Haftung&nbsp;Grafik Design Studio Handelszentrum 16A-5101 Bergheim bei Salzburg T: +43 676&nbsp;6804545E: info@bureauzweima.comW: bureauzweima.com Magdalena HuberT: +43 676 6804545E: magdalena@bureauzweima.com Maximilian PichelstorferT: +43 650 9151047E: max@bureauzweima.com UID-Nr: ATU80760758FN: 629950yLandesgericht SalzburgMitglied der Wirtschaftskammer SalzburgBezirkshauptmannschaft Salzburg-Umgebung &nbsp; Gewerbeordnung: www.ris.bka.gv.at Sie k\u00f6nnen allf\u00e4llige Beschwerde an die oben angegebene E-Mail-Adresse richten. Trotz sorgf\u00e4ltiger inhaltlicher [&hellip;]<\/p>","protected":false},"author":3,"featured_media":0,"parent":0,"menu_order":0,"comment_status":"closed","ping_status":"closed","template":"","meta":{"_acf_changed":false,"footnotes":""},"class_list":["post-200","page","type-page","status-publish","hentry"],"acf":[],"yoast_head":"<!-- This site is optimized with the Yoast SEO plugin v26.7 - https:\/\/yoast.com\/wordpress\/plugins\/seo\/ -->\n<title>Impressum - BUREAU ZWEIMA<\/title>\n<meta name=\"robots\" content=\"noindex, follow\" \/>\n<meta property=\"og:locale\" content=\"en_GB\" \/>\n<meta property=\"og:type\" content=\"article\" \/>\n<meta property=\"og:title\" content=\"Impressum - BUREAU ZWEIMA\" \/>\n<meta property=\"og:description\" content=\"Impressum Bureau Zweima GmbH&nbsp;Gesellschaft mit beschr\u00e4nkter Haftung&nbsp;Grafik Design Studio Handelszentrum 16A-5101 Bergheim bei Salzburg T: +43 676&nbsp;6804545E: info@bureauzweima.comW: bureauzweima.com Magdalena HuberT: +43 676 6804545E: magdalena@bureauzweima.com Maximilian PichelstorferT: +43 650 9151047E: max@bureauzweima.com UID-Nr: ATU80760758FN: 629950yLandesgericht SalzburgMitglied der Wirtschaftskammer SalzburgBezirkshauptmannschaft Salzburg-Umgebung &nbsp; Gewerbeordnung: www.ris.bka.gv.at Sie k\u00f6nnen allf\u00e4llige Beschwerde an die oben angegebene E-Mail-Adresse richten. Trotz sorgf\u00e4ltiger inhaltlicher [&hellip;]\" \/>\n<meta property=\"og:url\" content=\"https:\/\/bureauzweima.com\/en\/impressum\/\" \/>\n<meta property=\"og:site_name\" content=\"BUREAU ZWEIMA\" \/>\n<meta property=\"article:modified_time\" content=\"2026-03-15T19:42:22+00:00\" \/>\n<meta property=\"og:image\" content=\"https:\/\/bureauzweima.com\/wp-content\/uploads\/2023\/03\/Buerau-Zweima\u00a9HIMMELBAUER.jpg\" \/>\n\t<meta property=\"og:image:width\" content=\"1200\" \/>\n\t<meta property=\"og:image:height\" content=\"675\" \/>\n\t<meta property=\"og:image:type\" content=\"image\/jpeg\" \/>\n<meta name=\"twitter:card\" content=\"summary_large_image\" \/>\n<meta name=\"twitter:label1\" content=\"Estimated reading time\" \/>\n\t<meta name=\"twitter:data1\" content=\"1 minute\" \/>\n<script type=\"application\/ld+json\" class=\"yoast-schema-graph\">{\"@context\":\"https:\/\/schema.org\",\"@graph\":[{\"@type\":\"WebPage\",\"@id\":\"https:\/\/bureauzweima.com\/impressum\/\",\"url\":\"https:\/\/bureauzweima.com\/impressum\/\",\"name\":\"Impressum - BUREAU ZWEIMA\",\"isPartOf\":{\"@id\":\"https:\/\/bureauzweima.com\/#website\"},\"datePublished\":\"2023-02-14T13:07:19+00:00\",\"dateModified\":\"2026-03-15T19:42:22+00:00\",\"breadcrumb\":{\"@id\":\"https:\/\/bureauzweima.com\/impressum\/#breadcrumb\"},\"inLanguage\":\"en-GB\",\"potentialAction\":[{\"@type\":\"ReadAction\",\"target\":[\"https:\/\/bureauzweima.com\/impressum\/\"]}]},{\"@type\":\"BreadcrumbList\",\"@id\":\"https:\/\/bureauzweima.com\/impressum\/#breadcrumb\",\"itemListElement\":[{\"@type\":\"ListItem\",\"position\":1,\"name\":\"Startseite\",\"item\":\"https:\/\/bureauzweima.com\/\"},{\"@type\":\"ListItem\",\"position\":2,\"name\":\"Impressum\"}]},{\"@type\":\"WebSite\",\"@id\":\"https:\/\/bureauzweima.com\/#website\",\"url\":\"https:\/\/bureauzweima.com\/\",\"name\":\"BUREAU ZWEIMA\",\"description\":\"Grafik Design Duo\",\"publisher\":{\"@id\":\"https:\/\/bureauzweima.com\/#organization\"},\"alternateName\":\"ZWEIMA\",\"potentialAction\":[{\"@type\":\"SearchAction\",\"target\":{\"@type\":\"EntryPoint\",\"urlTemplate\":\"https:\/\/bureauzweima.com\/?s={search_term_string}\"},\"query-input\":{\"@type\":\"PropertyValueSpecification\",\"valueRequired\":true,\"valueName\":\"search_term_string\"}}],\"inLanguage\":\"en-GB\"},{\"@type\":\"Organization\",\"@id\":\"https:\/\/bureauzweima.com\/#organization\",\"name\":\"BUREAU ZWEIMA\",\"url\":\"https:\/\/bureauzweima.com\/\",\"logo\":{\"@type\":\"ImageObject\",\"inLanguage\":\"en-GB\",\"@id\":\"https:\/\/bureauzweima.com\/#\/schema\/logo\/image\/\",\"url\":\"https:\/\/bureauzweima.com\/wp-content\/uploads\/2023\/02\/BUREAUZWEIMA_Logo_orange.png\",\"contentUrl\":\"https:\/\/bureauzweima.com\/wp-content\/uploads\/2023\/02\/BUREAUZWEIMA_Logo_orange.png\",\"width\":812,\"height\":353,\"caption\":\"BUREAU ZWEIMA\"},\"image\":{\"@id\":\"https:\/\/bureauzweima.com\/#\/schema\/logo\/image\/\"},\"sameAs\":[\"https:\/\/instagram.com\/bureauzweima\"]}]}<\/script>\n<!-- \/ Yoast SEO plugin. -->","yoast_head_json":{"title":"Impressum - BUREAU ZWEIMA","robots":{"index":"noindex","follow":"follow"},"og_locale":"en_GB","og_type":"article","og_title":"Impressum - BUREAU ZWEIMA","og_description":"Impressum Bureau Zweima GmbH&nbsp;Gesellschaft mit beschr\u00e4nkter Haftung&nbsp;Grafik Design Studio Handelszentrum 16A-5101 Bergheim bei Salzburg T: +43 676&nbsp;6804545E: info@bureauzweima.comW: bureauzweima.com Magdalena HuberT: +43 676 6804545E: magdalena@bureauzweima.com Maximilian PichelstorferT: +43 650 9151047E: max@bureauzweima.com UID-Nr: ATU80760758FN: 629950yLandesgericht SalzburgMitglied der Wirtschaftskammer SalzburgBezirkshauptmannschaft Salzburg-Umgebung &nbsp; Gewerbeordnung: www.ris.bka.gv.at Sie k\u00f6nnen allf\u00e4llige Beschwerde an die oben angegebene E-Mail-Adresse richten. Trotz sorgf\u00e4ltiger inhaltlicher [&hellip;]","og_url":"https:\/\/bureauzweima.com\/en\/impressum\/","og_site_name":"BUREAU ZWEIMA","article_modified_time":"2026-03-15T19:42:22+00:00","og_image":[{"width":1200,"height":675,"url":"https:\/\/bureauzweima.com\/wp-content\/uploads\/2023\/03\/Buerau-Zweima\u00a9HIMMELBAUER.jpg","type":"image\/jpeg"}],"twitter_card":"summary_large_image","twitter_misc":{"Estimated reading time":"1 minute"},"schema":{"@context":"https:\/\/schema.org","@graph":[{"@type":"WebPage","@id":"https:\/\/bureauzweima.com\/impressum\/","url":"https:\/\/bureauzweima.com\/impressum\/","name":"Impressum - BUREAU ZWEIMA","isPartOf":{"@id":"https:\/\/bureauzweima.com\/#website"},"datePublished":"2023-02-14T13:07:19+00:00","dateModified":"2026-03-15T19:42:22+00:00","breadcrumb":{"@id":"https:\/\/bureauzweima.com\/impressum\/#breadcrumb"},"inLanguage":"en-GB","potentialAction":[{"@type":"ReadAction","target":["https:\/\/bureauzweima.com\/impressum\/"]}]},{"@type":"BreadcrumbList","@id":"https:\/\/bureauzweima.com\/impressum\/#breadcrumb","itemListElement":[{"@type":"ListItem","position":1,"name":"Startseite","item":"https:\/\/bureauzweima.com\/"},{"@type":"ListItem","position":2,"name":"Impressum"}]},{"@type":"WebSite","@id":"https:\/\/bureauzweima.com\/#website","url":"https:\/\/bureauzweima.com\/","name":"BUREAU ZWEIMA","description":"Grafik Design Duo","publisher":{"@id":"https:\/\/bureauzweima.com\/#organization"},"alternateName":"ZWEIMA","potentialAction":[{"@type":"SearchAction","target":{"@type":"EntryPoint","urlTemplate":"https:\/\/bureauzweima.com\/?s={search_term_string}"},"query-input":{"@type":"PropertyValueSpecification","valueRequired":true,"valueName":"search_term_string"}}],"inLanguage":"en-GB"},{"@type":"Organization","@id":"https:\/\/bureauzweima.com\/#organization","name":"BUREAU ZWEIMA","url":"https:\/\/bureauzweima.com\/","logo":{"@type":"ImageObject","inLanguage":"en-GB","@id":"https:\/\/bureauzweima.com\/#\/schema\/logo\/image\/","url":"https:\/\/bureauzweima.com\/wp-content\/uploads\/2023\/02\/BUREAUZWEIMA_Logo_orange.png","contentUrl":"https:\/\/bureauzweima.com\/wp-content\/uploads\/2023\/02\/BUREAUZWEIMA_Logo_orange.png","width":812,"height":353,"caption":"BUREAU ZWEIMA"},"image":{"@id":"https:\/\/bureauzweima.com\/#\/schema\/logo\/image\/"},"sameAs":["https:\/\/instagram.com\/bureauzweima"]}]}},"_links":{"self":[{"href":"https:\/\/bureauzweima.com\/en\/wp-json\/wp\/v2\/pages\/200","targetHints":{"allow":["GET"]}}],"collection":[{"href":"https:\/\/bureauzweima.com\/en\/wp-json\/wp\/v2\/pages"}],"about":[{"href":"https:\/\/bureauzweima.com\/en\/wp-json\/wp\/v2\/types\/page"}],"author":[{"embeddable":true,"href":"https:\/\/bureauzweima.com\/en\/wp-json\/wp\/v2\/users\/3"}],"replies":[{"embeddable":true,"href":"https:\/\/bureauzweima.com\/en\/wp-json\/wp\/v2\/comments?post=200"}],"version-history":[{"count":47,"href":"https:\/\/bureauzweima.com\/en\/wp-json\/wp\/v2\/pages\/200\/revisions"}],"predecessor-version":[{"id":3747,"href":"https:\/\/bureauzweima.com\/en\/wp-json\/wp\/v2\/pages\/200\/revisions\/3747"}],"wp:attachment":[{"href":"https:\/\/bureauzweima.com\/en\/wp-json\/wp\/v2\/media?parent=200"}],"curies":[{"name":"wp","href":"https:\/\/api.w.org\/{rel}","templated":true}]}}